{"id":1949,"date":"2024-05-31T19:36:41","date_gmt":"2024-05-31T19:36:41","guid":{"rendered":"https:\/\/czeslawurban.pl\/?page_id=1949"},"modified":"2025-01-04T06:22:13","modified_gmt":"2025-01-04T06:22:13","slug":"galeria-2024","status":"publish","type":"page","link":"https:\/\/czeslawurban.pl\/index.php\/galeria-2024\/","title":{"rendered":"Galeria 2024"},"content":{"rendered":"<p><strong>USTRZYKI DOLNE UHONOROWA\u0141Y DOKTORA ROMANA LENARTOWICZA &#8211; 27.11.2024 r.<\/strong><\/p>\n<p><strong>ngg_shortcode_0_placeholder<\/strong><\/p>\n<p><strong>WIECZORNICA PO\u015aWI\u0118CONA DOKTOROWI ROMANOWI LENARTOWICZOWI &#8211; 26.11.2024 r.<br \/>\n<\/strong><\/p>\n<p><strong>ngg_shortcode_1_placeholder<\/strong><\/p>\n<p><strong>SK\u0141ADANIE WIE\u0143C\u00d3W I WI\u0104ZANEK POD POMNIKAMI W NASZYM MIE\u015aCIE 11.11.2024 r.<br \/>\n<\/strong><\/p>\n<p><strong>ngg_shortcode_2_placeholder<\/strong><\/p>\n<p><strong>VI SESJA RADY MIEJSKIEJ &#8211; 30.08.2024 r.<br \/>\n<\/strong><\/p>\n<p><strong>ngg_shortcode_3_placeholder<\/strong><\/p>\n<p><strong>BIERZMOWANIE W PARAFII \u015aW. J\u00d3ZEFA ROBOTNIKA &#8211; 14.06.2024<\/strong><\/p>\n<p><strong>ngg_shortcode_4_placeholder<\/strong><\/p>\n<p><strong>JUBILEUSZ 25-LECIA ISTNIENIA PARAFIALNEGO ODDZIA\u0141U AKCJI KATOLICKIEJ &#8211; 2.06.2024 r.<\/strong><\/p>\n<p><strong>ngg_shortcode_5_placeholder<\/strong><\/p>\n<p><strong>I SESJA RADY MIEJSKIEJ &#8211; 6.05.2024 r.<\/strong><\/p>\n<p><strong>ngg_shortcode_6_placeholder<\/strong><\/p>\n<p><strong>SK\u0141ADANIE WIE\u0143C\u00d3W I WI\u0104ZANEK POD POMNIKAMI &#8211; 3.05.2024<\/strong><\/p>\n<p><strong>ngg_shortcode_7_placeholder<\/strong><\/p>\n<p><strong>MSZA \u015aW. W INTENCJI OJCZYZNY &#8211; 3.05.2024<\/strong><\/p>\n<p><strong>ngg_shortcode_8_placeholder<\/strong><\/p>\n<p><strong>DZIE\u0143 FLAGI RZECZYPOSPOLITEJ POLSKIEJ &#8211; HOLICA 2.05.2024<\/strong><\/p>\n<p><strong>ngg_shortcode_9_placeholder<\/strong><\/p>\n<p><strong>\u201eWILCZYM TROPEM\u201d KU PAMI\u0118CI \u017bO\u0141NIERZY NIEZ\u0141OMNYCH &#8211; 3 MARCA 2024 R.<\/strong><\/p>\n<p><strong>ngg_shortcode_10_placeholder<\/strong><\/p>\n<p>&nbsp;<\/p>\n","protected":false},"excerpt":{"rendered":"<p>USTRZYKI DOLNE UHONOROWA\u0141Y DOKTORA ROMANA LENARTOWICZA &#8211; 27.11.2024 r. WIECZORNICA PO\u015aWI\u0118CONA DOKTOROWI ROMANOWI LENARTOWICZOWI &#8211; 26.11.2024 r. SK\u0141ADANIE WIE\u0143C\u00d3W I WI\u0104ZANEK POD POMNIKAMI W NASZYM MIE\u015aCIE 11.11.2024 r. VI SESJA RADY MIEJSKIEJ &#8211; 30.08.2024 r. BIERZMOWANIE W PARAFII \u015aW. J\u00d3ZEFA ROBOTNIKA &#8211; 14.06.2024 JUBILEUSZ 25-LECIA ISTNIENIA PARAFIALNEGO ODDZIA\u0141U AKCJI KATOLICKIEJ &#8211; 2.06.2024 r. I SESJA&#8230;<\/p>\n","protected":false},"author":2,"featured_media":0,"parent":0,"menu_order":0,"comment_status":"closed","ping_status":"closed","template":"","meta":{"ngg_post_thumbnail":0,"footnotes":""},"class_list":["post-1949","page","type-page","status-publish","hentry"],"jetpack_sharing_enabled":true,"_links":{"self":[{"href":"https:\/\/czeslawurban.pl\/index.php\/wp-json\/wp\/v2\/pages\/1949","targetHints":{"allow":["GET"]}}],"collection":[{"href":"https:\/\/czeslawurban.pl\/index.php\/wp-json\/wp\/v2\/pages"}],"about":[{"href":"https:\/\/czeslawurban.pl\/index.php\/wp-json\/wp\/v2\/types\/page"}],"author":[{"embeddable":true,"href":"https:\/\/czeslawurban.pl\/index.php\/wp-json\/wp\/v2\/users\/2"}],"replies":[{"embeddable":true,"href":"https:\/\/czeslawurban.pl\/index.php\/wp-json\/wp\/v2\/comments?post=1949"}],"version-history":[{"count":11,"href":"https:\/\/czeslawurban.pl\/index.php\/wp-json\/wp\/v2\/pages\/1949\/revisions"}],"predecessor-version":[{"id":17052,"href":"https:\/\/czeslawurban.pl\/index.php\/wp-json\/wp\/v2\/pages\/1949\/revisions\/17052"}],"wp:attachment":[{"href":"https:\/\/czeslawurban.pl\/index.php\/wp-json\/wp\/v2\/media?parent=1949"}],"curies":[{"name":"wp","href":"https:\/\/api.w.org\/{rel}","templated":true}]}}