{"id":2527,"date":"2024-06-03T19:37:55","date_gmt":"2024-06-03T19:37:55","guid":{"rendered":"https:\/\/czeslawurban.pl\/?page_id=2527"},"modified":"2024-06-15T12:39:52","modified_gmt":"2024-06-15T12:39:52","slug":"galeria-2022","status":"publish","type":"page","link":"https:\/\/czeslawurban.pl\/index.php\/galeria-2022\/","title":{"rendered":"Galeria 2022"},"content":{"rendered":"<p><strong>ODPUST PARAFIALNY W STEFKOWEJ &#8211; 8.12.2022<\/strong><\/p>\n<p><strong>ngg_shortcode_0_placeholder<\/strong><\/p>\n<p><strong>NARODOWE \u015aWI\u0118TO NIEPODLEG\u0141O\u015aCI &#8211; 11 LISTOPADA 2022 R.<\/strong><\/p>\n<p><strong>ngg_shortcode_1_placeholder<\/strong><\/p>\n<p><strong>UROCZYSTO\u015a\u0106 NAJ\u015aWI\u0118TSZEGO CIA\u0141A I KRWI CHRYSTUSA &#8211; BO\u017bE CIA\u0141O 16.06.2022 R.<\/strong><\/p>\n<p><strong>ngg_shortcode_2_placeholder<\/strong><\/p>\n<p><strong>KONCERT PT. \u201eW HO\u0141DZIE PRYMASOWI TYSI\u0104CLECIA\u201d W WYKONANIU KRZYSZTOFA CUGOWSKIEGO I ORKIESTRY SYMFONICZNEJ FILHARMONII PODKARPACKIEJ &#8211; 22.05.2022 R.<\/strong><\/p>\n<p><strong>ngg_shortcode_3_placeholder<\/strong><\/p>\n<p><strong>KONSEKRACJA KO\u015aCIO\u0141A PW. NMP KR\u00d3LOWEJ POLSKI W USTRZYKACH DOLNYCH &#8211; 22.05.2022 R.<\/strong><\/p>\n<p><strong>ngg_shortcode_4_placeholder<\/strong><\/p>\n<p><strong>AKADEMIA Z OKAZJI 3 MAJA &#8211; USTRZYCKI DOLM KULTURY 3.05.2022 R.<\/strong><\/p>\n<p><strong>ngg_shortcode_5_placeholder<\/strong><\/p>\n<p><strong>Z\u0141O\u017bENIE WIE\u0143C\u00d3W I WI\u0104ZANEK POD POMNIKAMI &#8211; USTRZYKI DOLNE 3.05.2022 R.<\/strong><\/p>\n<p><strong>ngg_shortcode_6_placeholder<\/strong><\/p>\n","protected":false},"excerpt":{"rendered":"<p>ODPUST PARAFIALNY W STEFKOWEJ &#8211; 8.12.2022 NARODOWE \u015aWI\u0118TO NIEPODLEG\u0141O\u015aCI &#8211; 11 LISTOPADA 2022 R. UROCZYSTO\u015a\u0106 NAJ\u015aWI\u0118TSZEGO CIA\u0141A I KRWI CHRYSTUSA &#8211; BO\u017bE CIA\u0141O 16.06.2022 R. KONCERT PT. \u201eW HO\u0141DZIE PRYMASOWI TYSI\u0104CLECIA\u201d W WYKONANIU KRZYSZTOFA CUGOWSKIEGO I ORKIESTRY SYMFONICZNEJ FILHARMONII PODKARPACKIEJ &#8211; 22.05.2022 R. KONSEKRACJA KO\u015aCIO\u0141A PW. NMP KR\u00d3LOWEJ POLSKI W USTRZYKACH DOLNYCH &#8211; 22.05.2022 R&#8230;.<\/p>\n","protected":false},"author":2,"featured_media":0,"parent":0,"menu_order":0,"comment_status":"closed","ping_status":"closed","template":"","meta":{"ngg_post_thumbnail":0,"footnotes":""},"class_list":["post-2527","page","type-page","status-publish","hentry"],"jetpack_sharing_enabled":true,"_links":{"self":[{"href":"https:\/\/czeslawurban.pl\/index.php\/wp-json\/wp\/v2\/pages\/2527","targetHints":{"allow":["GET"]}}],"collection":[{"href":"https:\/\/czeslawurban.pl\/index.php\/wp-json\/wp\/v2\/pages"}],"about":[{"href":"https:\/\/czeslawurban.pl\/index.php\/wp-json\/wp\/v2\/types\/page"}],"author":[{"embeddable":true,"href":"https:\/\/czeslawurban.pl\/index.php\/wp-json\/wp\/v2\/users\/2"}],"replies":[{"embeddable":true,"href":"https:\/\/czeslawurban.pl\/index.php\/wp-json\/wp\/v2\/comments?post=2527"}],"version-history":[{"count":4,"href":"https:\/\/czeslawurban.pl\/index.php\/wp-json\/wp\/v2\/pages\/2527\/revisions"}],"predecessor-version":[{"id":16687,"href":"https:\/\/czeslawurban.pl\/index.php\/wp-json\/wp\/v2\/pages\/2527\/revisions\/16687"}],"wp:attachment":[{"href":"https:\/\/czeslawurban.pl\/index.php\/wp-json\/wp\/v2\/media?parent=2527"}],"curies":[{"name":"wp","href":"https:\/\/api.w.org\/{rel}","templated":true}]}}