{"id":3650,"date":"2024-06-04T17:28:38","date_gmt":"2024-06-04T17:28:38","guid":{"rendered":"https:\/\/czeslawurban.pl\/?page_id=3650"},"modified":"2024-06-04T17:49:10","modified_gmt":"2024-06-04T17:49:10","slug":"galeria-2021","status":"publish","type":"page","link":"https:\/\/czeslawurban.pl\/index.php\/galeria-2021\/","title":{"rendered":"Galeria 2021"},"content":{"rendered":"<p><strong>UROCZYSTE Z\u0141O\u017bENIE WIE\u0143C\u00d3W I WI\u0104ZANEK POD POMNIKIEM W RYNKU &#8211; USTRZYKI DOLNE 11.11.2021 R.<\/strong><\/p>\n<p><strong>ngg_shortcode_0_placeholder<\/strong><\/p>\n<p><strong>UROCZYSTE ODS\u0141ONI\u0118CIE POMNIKA PO\u015aWI\u0118CONEGO &#8222;LUDZIOM WOLNO\u015aCI I SOLIDARNO\u015aCI Z BIESZCZAD WALCZ\u0104CYM O WOLNO\u015a\u0106, GODNO\u015a\u0106 I SUWERENN\u0104 POLSK\u0118&#8221; &#8211; USTRZYKI G\u00d3RNE &#8211; WO\u0141OSATE 25.09.2021 R.<\/strong><\/p>\n<p><strong>ngg_shortcode_1_placeholder<\/strong><\/p>\n<p><strong>OBCHODY 50 LAT PARAFII BRZEGI DOLNE &#8211; ODPUST PARAFIALNY W \u0141ODYNIE 13.06.2021 R.<\/strong><\/p>\n<p><strong>ngg_shortcode_2_placeholder<\/strong><\/p>\n<p><strong>OBCHODY 50 LAT PARAFII BRZEGI DOLNE &#8211; SAKRAMENT BIERZMOWANIA BRZEGI DOLNE 13.06.2021 R.<\/strong><\/p>\n<p><strong>ngg_shortcode_3_placeholder<\/strong><\/p>\n<p><strong>UROCZYSTO\u015a\u0106 BO\u017bEGO CIA\u0141A &#8211; USTRZYKI DOLNE 11.06.2021 R.<\/strong><\/p>\n<p><strong>ngg_shortcode_4_placeholder<\/strong><\/p>\n<p><strong>\u015aWI\u0118CENIA DIAKONATU &#8211; USTRZYKI DOLNE 16.05.2021 R.<\/strong><\/p>\n<p><strong>ngg_shortcode_5_placeholder<\/strong><\/p>\n","protected":false},"excerpt":{"rendered":"<p>UROCZYSTE Z\u0141O\u017bENIE WIE\u0143C\u00d3W I WI\u0104ZANEK POD POMNIKIEM W RYNKU &#8211; USTRZYKI DOLNE 11.11.2021 R. UROCZYSTE ODS\u0141ONI\u0118CIE POMNIKA PO\u015aWI\u0118CONEGO &#8222;LUDZIOM WOLNO\u015aCI I SOLIDARNO\u015aCI Z BIESZCZAD WALCZ\u0104CYM O WOLNO\u015a\u0106, GODNO\u015a\u0106 I SUWERENN\u0104 POLSK\u0118&#8221; &#8211; USTRZYKI G\u00d3RNE &#8211; WO\u0141OSATE 25.09.2021 R. OBCHODY 50 LAT PARAFII BRZEGI DOLNE &#8211; ODPUST PARAFIALNY W \u0141ODYNIE 13.06.2021 R. OBCHODY 50 LAT PARAFII&#8230;<\/p>\n","protected":false},"author":2,"featured_media":0,"parent":0,"menu_order":0,"comment_status":"closed","ping_status":"closed","template":"","meta":{"ngg_post_thumbnail":0,"footnotes":""},"class_list":["post-3650","page","type-page","status-publish","hentry"],"jetpack_sharing_enabled":true,"_links":{"self":[{"href":"https:\/\/czeslawurban.pl\/index.php\/wp-json\/wp\/v2\/pages\/3650","targetHints":{"allow":["GET"]}}],"collection":[{"href":"https:\/\/czeslawurban.pl\/index.php\/wp-json\/wp\/v2\/pages"}],"about":[{"href":"https:\/\/czeslawurban.pl\/index.php\/wp-json\/wp\/v2\/types\/page"}],"author":[{"embeddable":true,"href":"https:\/\/czeslawurban.pl\/index.php\/wp-json\/wp\/v2\/users\/2"}],"replies":[{"embeddable":true,"href":"https:\/\/czeslawurban.pl\/index.php\/wp-json\/wp\/v2\/comments?post=3650"}],"version-history":[{"count":3,"href":"https:\/\/czeslawurban.pl\/index.php\/wp-json\/wp\/v2\/pages\/3650\/revisions"}],"predecessor-version":[{"id":4181,"href":"https:\/\/czeslawurban.pl\/index.php\/wp-json\/wp\/v2\/pages\/3650\/revisions\/4181"}],"wp:attachment":[{"href":"https:\/\/czeslawurban.pl\/index.php\/wp-json\/wp\/v2\/media?parent=3650"}],"curies":[{"name":"wp","href":"https:\/\/api.w.org\/{rel}","templated":true}]}}