{"id":4775,"date":"2024-06-05T20:09:25","date_gmt":"2024-06-05T20:09:25","guid":{"rendered":"https:\/\/czeslawurban.pl\/?page_id=4775"},"modified":"2024-06-05T20:09:25","modified_gmt":"2024-06-05T20:09:25","slug":"galeria-2019","status":"publish","type":"page","link":"https:\/\/czeslawurban.pl\/index.php\/galeria-2019\/","title":{"rendered":"Galeria 2019"},"content":{"rendered":"<p><strong>UROCZYSTO\u015a\u0106 ODZYSKANIA NIEPODLEG\u0141O\u015aCI &#8211; USTRZYKI DOLNE 11.11.2019 R.<\/strong><\/p>\n<p><strong>ngg_shortcode_0_placeholder&nbsp;<\/strong><\/p>\n<p><strong>\u015aWI\u0118TO WOJSKA POLSKIEGO &#8211; USTRZYKI DOLNE 09.08.2019 R.<\/strong><\/p>\n<p><strong>ngg_shortcode_1_placeholder&nbsp;<\/strong><\/p>\n<p><strong>&nbsp;DNI KULTURY POGRANICZA &#8211; ROPIENKA 21.07.2019 R.<\/strong><\/p>\n<p><strong>ngg_shortcode_2_placeholder&nbsp;<\/strong><\/p>\n<p><strong>UROCZYSTO\u015a\u0106 NAJ\u015aWI\u0118TSZEGO CIA\u0141A I KRWI CHRYSTUSA &#8211; 20.06.2019<\/strong><\/p>\n<p><strong>ngg_shortcode_3_placeholder&nbsp;<\/strong><\/p>\n<p><strong>SAKRAMENT BIERZMOWANIA DEKANATU USTRZYCKIEGO &#8211; 4.06.2019<\/strong><\/p>\n<p><strong>ngg_shortcode_4_placeholder&nbsp;<\/strong><\/p>\n<p><strong>II BIESZCZADZKI OP\u0141ATEK SAMORZ\u0104DOWY &#8211; USTRZYKI DOLNE &#8211; 26.01.2019<\/strong><\/p>\n<p><strong>ngg_shortcode_5_placeholder&nbsp;<\/strong><\/p>\n","protected":false},"excerpt":{"rendered":"<p>UROCZYSTO\u015a\u0106 ODZYSKANIA NIEPODLEG\u0141O\u015aCI &#8211; USTRZYKI DOLNE 11.11.2019 R. &nbsp; \u015aWI\u0118TO WOJSKA POLSKIEGO &#8211; USTRZYKI DOLNE 09.08.2019 R. &nbsp; &nbsp;DNI KULTURY POGRANICZA &#8211; ROPIENKA 21.07.2019 R. &nbsp; UROCZYSTO\u015a\u0106 NAJ\u015aWI\u0118TSZEGO CIA\u0141A I KRWI CHRYSTUSA &#8211; 20.06.2019 &nbsp; SAKRAMENT BIERZMOWANIA DEKANATU USTRZYCKIEGO &#8211; 4.06.2019 &nbsp; II BIESZCZADZKI OP\u0141ATEK SAMORZ\u0104DOWY &#8211; USTRZYKI DOLNE &#8211; 26.01.2019 &nbsp;<\/p>\n","protected":false},"author":2,"featured_media":0,"parent":0,"menu_order":0,"comment_status":"closed","ping_status":"closed","template":"","meta":{"ngg_post_thumbnail":0,"footnotes":""},"class_list":["post-4775","page","type-page","status-publish","hentry"],"jetpack_sharing_enabled":true,"_links":{"self":[{"href":"https:\/\/czeslawurban.pl\/index.php\/wp-json\/wp\/v2\/pages\/4775","targetHints":{"allow":["GET"]}}],"collection":[{"href":"https:\/\/czeslawurban.pl\/index.php\/wp-json\/wp\/v2\/pages"}],"about":[{"href":"https:\/\/czeslawurban.pl\/index.php\/wp-json\/wp\/v2\/types\/page"}],"author":[{"embeddable":true,"href":"https:\/\/czeslawurban.pl\/index.php\/wp-json\/wp\/v2\/users\/2"}],"replies":[{"embeddable":true,"href":"https:\/\/czeslawurban.pl\/index.php\/wp-json\/wp\/v2\/comments?post=4775"}],"version-history":[{"count":1,"href":"https:\/\/czeslawurban.pl\/index.php\/wp-json\/wp\/v2\/pages\/4775\/revisions"}],"predecessor-version":[{"id":5812,"href":"https:\/\/czeslawurban.pl\/index.php\/wp-json\/wp\/v2\/pages\/4775\/revisions\/5812"}],"wp:attachment":[{"href":"https:\/\/czeslawurban.pl\/index.php\/wp-json\/wp\/v2\/media?parent=4775"}],"curies":[{"name":"wp","href":"https:\/\/api.w.org\/{rel}","templated":true}]}}