{"id":76,"date":"2021-01-06T20:01:41","date_gmt":"2021-01-06T20:01:41","guid":{"rendered":"https:\/\/czeslawurban.pl\/?page_id=76"},"modified":"2025-04-28T15:11:38","modified_gmt":"2025-04-28T15:11:38","slug":"fotografia","status":"publish","type":"page","link":"https:\/\/czeslawurban.pl\/index.php\/fotografia\/","title":{"rendered":"Fotografia"},"content":{"rendered":"<p style=\"text-align: justify;\">Fotografia to moje hobby. Je\u017celi mam chwil\u0119 czasu to staram si\u0119 robi\u0107 jakie\u015b zdj\u0119cia. To wybrane fotografie, dzi\u0119ki kt\u00f3rym mog\u0105 Pa\u0144stwo zobaczy\u0107 niekt\u00f3re urokliwe miejsca w naszym mie\u015bcie, gminie i powiecie.<\/p>\n<p><a href=\"https:\/\/czeslawurban.pl\/index.php\/galeria-2025\/\"><strong>Zapraszamy do obejrzenia innych zdj\u0119\u0107 w zak\u0142adce galeria.<\/strong><\/a><\/p>\n<p><strong>ngg_shortcode_0_placeholder Ustrzyki Dolne Jesieni\u0105<\/strong><\/p>\n<p>&nbsp;<\/p>\n<p><strong>ngg_shortcode_1_placeholder Po\u0142onina Wetli\u0144ska&nbsp;<\/strong><\/p>\n<p>&nbsp;<\/p>\n<p><strong>ngg_shortcode_2_placeholder Zima w Ustrzykach Dolnych<\/strong><\/p>\n","protected":false},"excerpt":{"rendered":"<p>Fotografia to moje hobby. Je\u017celi mam chwil\u0119 czasu to staram si\u0119 robi\u0107 jakie\u015b zdj\u0119cia. To wybrane fotografie, dzi\u0119ki kt\u00f3rym mog\u0105 Pa\u0144stwo zobaczy\u0107 niekt\u00f3re urokliwe miejsca w naszym mie\u015bcie, gminie i powiecie. Zapraszamy do obejrzenia innych zdj\u0119\u0107 w zak\u0142adce galeria. Ustrzyki Dolne Jesieni\u0105 &nbsp; Po\u0142onina Wetli\u0144ska&nbsp; &nbsp; Zima w Ustrzykach Dolnych<\/p>\n","protected":false},"author":2,"featured_media":0,"parent":0,"menu_order":0,"comment_status":"closed","ping_status":"closed","template":"","meta":{"ngg_post_thumbnail":0,"footnotes":""},"class_list":["post-76","page","type-page","status-publish","hentry"],"jetpack_sharing_enabled":true,"_links":{"self":[{"href":"https:\/\/czeslawurban.pl\/index.php\/wp-json\/wp\/v2\/pages\/76","targetHints":{"allow":["GET"]}}],"collection":[{"href":"https:\/\/czeslawurban.pl\/index.php\/wp-json\/wp\/v2\/pages"}],"about":[{"href":"https:\/\/czeslawurban.pl\/index.php\/wp-json\/wp\/v2\/types\/page"}],"author":[{"embeddable":true,"href":"https:\/\/czeslawurban.pl\/index.php\/wp-json\/wp\/v2\/users\/2"}],"replies":[{"embeddable":true,"href":"https:\/\/czeslawurban.pl\/index.php\/wp-json\/wp\/v2\/comments?post=76"}],"version-history":[{"count":11,"href":"https:\/\/czeslawurban.pl\/index.php\/wp-json\/wp\/v2\/pages\/76\/revisions"}],"predecessor-version":[{"id":18116,"href":"https:\/\/czeslawurban.pl\/index.php\/wp-json\/wp\/v2\/pages\/76\/revisions\/18116"}],"wp:attachment":[{"href":"https:\/\/czeslawurban.pl\/index.php\/wp-json\/wp\/v2\/media?parent=76"}],"curies":[{"name":"wp","href":"https:\/\/api.w.org\/{rel}","templated":true}]}}